{"id":2,"date":"2022-06-08T16:06:31","date_gmt":"2022-06-08T14:06:31","guid":{"rendered":"http:\/\/www.zendosushi.fr\/?page_id=2"},"modified":"2024-06-04T18:22:13","modified_gmt":"2024-06-04T16:22:13","slug":"page-d-exemple","status":"publish","type":"page","link":"https:\/\/www.zendosushi.fr\/","title":{"rendered":"Infos Pratiques :"},"content":{"rendered":"\n<p><\/p>\n\n\n\n<blockquote class=\"wp-block-quote is-layout-flow wp-block-quote-is-layout-flow\">\n<p><strong>T\u00e9l : 01 43 44 88 60<\/strong><\/p>\n<\/blockquote>\n\n\n\n<blockquote class=\"wp-block-quote is-layout-flow wp-block-quote-is-layout-flow\">\n<p><strong>Plats \u00e0 emporter -10%<\/strong><\/p>\n<\/blockquote>\n\n\n\n<blockquote class=\"wp-block-quote is-layout-flow wp-block-quote-is-layout-flow\">\n<p>Ouverture du lundi au samedi<\/p>\n\n\n\n<p>11h45 \u00e0 14h45 &amp; 18h45 \u00e0 23h00<\/p>\n\n\n\n<p>Le dimanche de 18h30 \u00e0 22h30<\/p>\n<\/blockquote>\n\n\n<blockquote class=\"wp-block-quote\">\n<p>Carte Bancaire \u00e0 partir de 10\u20ac<\/p>\n<\/blockquote>\n\n\n<blockquote class=\"wp-block-quote is-layout-flow wp-block-quote-is-layout-flow\">\n<p><strong>43 Rue Gabriel Lam\u00e9, 75012 Paris<\/strong><\/p>\n<\/blockquote>\n\n\n\n<iframe src=\"https:\/\/www.google.com\/maps\/embed?pb=!1m18!1m12!1m3!1d2626.2231228987844!2d2.3856251!3d48.8348826!2m3!1f0!2f0!3f0!3m2!1i1024!2i768!4f13.1!3m3!1m2!1s0x47e6723fda177f57%3A0xa682b51be9ca076!2s43%20Rue%20Gabriel%20Lam%C3%A9%2C%2075012%20Paris!5e0!3m2!1sfr!2sfr!4v1654701197378!5m2!1sfr!2sfr\" width=\"100%\" height=\"450\" style=\"border:0;\" allowfullscreen=\"\" loading=\"lazy\" referrerpolicy=\"no-referrer-when-downgrade\"><\/iframe>\n","protected":false},"excerpt":{"rendered":"<p>T\u00e9l : 01 43 44 88 60 Plats \u00e0 emporter -10% Ouverture du lundi au samedi 11h45 \u00e0 ...<\/p>","protected":false},"author":1,"featured_media":0,"parent":0,"menu_order":0,"comment_status":"closed","ping_status":"open","template":"","meta":{"footnotes":""},"class_list":["post-2","page","type-page","status-publish","hentry"],"_links":{"self":[{"href":"https:\/\/www.zendosushi.fr\/index.php\/wp-json\/wp\/v2\/pages\/2","targetHints":{"allow":["GET"]}}],"collection":[{"href":"https:\/\/www.zendosushi.fr\/index.php\/wp-json\/wp\/v2\/pages"}],"about":[{"href":"https:\/\/www.zendosushi.fr\/index.php\/wp-json\/wp\/v2\/types\/page"}],"author":[{"embeddable":true,"href":"https:\/\/www.zendosushi.fr\/index.php\/wp-json\/wp\/v2\/users\/1"}],"replies":[{"embeddable":true,"href":"https:\/\/www.zendosushi.fr\/index.php\/wp-json\/wp\/v2\/comments?post=2"}],"version-history":[{"count":12,"href":"https:\/\/www.zendosushi.fr\/index.php\/wp-json\/wp\/v2\/pages\/2\/revisions"}],"predecessor-version":[{"id":226,"href":"https:\/\/www.zendosushi.fr\/index.php\/wp-json\/wp\/v2\/pages\/2\/revisions\/226"}],"wp:attachment":[{"href":"https:\/\/www.zendosushi.fr\/index.php\/wp-json\/wp\/v2\/media?parent=2"}],"curies":[{"name":"wp","href":"https:\/\/api.w.org\/{rel}","templated":true}]}}